{"id":1903,"date":"2025-04-08T14:22:42","date_gmt":"2025-04-08T12:22:42","guid":{"rendered":"https:\/\/artfalconry.com\/?page_id=1903"},"modified":"2025-04-14T16:41:31","modified_gmt":"2025-04-14T14:41:31","slug":"falconry-deluxe","status":"publish","type":"page","link":"https:\/\/artfalconry.com\/it\/falconry-deluxe\/","title":{"rendered":"Falconry Deluxe"},"content":{"rendered":"<div data-elementor-type=\"wp-page\" data-elementor-id=\"1903\" class=\"elementor elementor-1903\" data-elementor-post-type=\"page\">\n\t\t\t\t<div class=\"elementor-element elementor-element-5a87106 e-con-full e-flex e-con e-parent\" data-id=\"5a87106\" data-element_type=\"container\" data-e-type=\"container\" data-settings=\"{&quot;background_background&quot;:&quot;classic&quot;}\">\n\t\t<div class=\"elementor-element elementor-element-49e7a1e e-con-full e-flex e-con e-child\" data-id=\"49e7a1e\" data-element_type=\"container\" data-e-type=\"container\" data-settings=\"{&quot;background_background&quot;:&quot;classic&quot;}\">\n\t\t\t\t<div class=\"elementor-element elementor-element-536c1aa elementor-widget elementor-widget-image\" data-id=\"536c1aa\" data-element_type=\"widget\" data-e-type=\"widget\" data-widget_type=\"image.default\">\n\t\t\t\t<div class=\"elementor-widget-container\">\n\t\t\t\t\t\t\t\t\t\t\t\t\t\t\t<img fetchpriority=\"high\" decoding=\"async\" width=\"480\" height=\"1200\" src=\"https:\/\/artfalconry.com\/wp-content\/uploads\/2025\/04\/art-falconry-luxury-experience-simone-cilluffo-falconry-deluxe-1-dek.png\" class=\"attachment-full size-full wp-image-2503\" alt=\"\" srcset=\"https:\/\/artfalconry.com\/wp-content\/uploads\/2025\/04\/art-falconry-luxury-experience-simone-cilluffo-falconry-deluxe-1-dek.png.avif 480w, https:\/\/artfalconry.com\/wp-content\/uploads\/2025\/04\/art-falconry-luxury-experience-simone-cilluffo-falconry-deluxe-1-dek-120x300.png.avif 120w, https:\/\/artfalconry.com\/wp-content\/uploads\/2025\/04\/art-falconry-luxury-experience-simone-cilluffo-falconry-deluxe-1-dek-410x1024.png.avif 410w, https:\/\/artfalconry.com\/wp-content\/uploads\/2025\/04\/art-falconry-luxury-experience-simone-cilluffo-falconry-deluxe-1-dek-5x12.png.avif 5w\" sizes=\"(max-width: 480px) 100vw, 480px\" \/>\t\t\t\t\t\t\t\t\t\t\t\t\t\t\t<\/div>\n\t\t\t\t<\/div>\n\t\t\t\t<div class=\"elementor-element elementor-element-f9d97b3 elementor-hidden-desktop elementor-hidden-laptop elementor-hidden-mobile elementor-widget elementor-widget-image\" data-id=\"f9d97b3\" data-element_type=\"widget\" data-e-type=\"widget\" data-widget_type=\"image.default\">\n\t\t\t\t<div class=\"elementor-widget-container\">\n\t\t\t\t\t\t\t\t\t\t\t\t\t\t\t<img decoding=\"async\" width=\"480\" height=\"1200\" src=\"https:\/\/artfalconry.com\/wp-content\/uploads\/2025\/04\/art-falconry-luxury-experience-simone-cilluffo-falconry-deluxe-1-tab.png\" class=\"attachment-full size-full wp-image-2504\" alt=\"\" srcset=\"https:\/\/artfalconry.com\/wp-content\/uploads\/2025\/04\/art-falconry-luxury-experience-simone-cilluffo-falconry-deluxe-1-tab.png.avif 480w, https:\/\/artfalconry.com\/wp-content\/uploads\/2025\/04\/art-falconry-luxury-experience-simone-cilluffo-falconry-deluxe-1-tab-120x300.png.avif 120w, https:\/\/artfalconry.com\/wp-content\/uploads\/2025\/04\/art-falconry-luxury-experience-simone-cilluffo-falconry-deluxe-1-tab-410x1024.png.avif 410w, https:\/\/artfalconry.com\/wp-content\/uploads\/2025\/04\/art-falconry-luxury-experience-simone-cilluffo-falconry-deluxe-1-tab-5x12.png.avif 5w\" sizes=\"(max-width: 480px) 100vw, 480px\" \/>\t\t\t\t\t\t\t\t\t\t\t\t\t\t\t<\/div>\n\t\t\t\t<\/div>\n\t\t\t\t<\/div>\n\t\t<div class=\"elementor-element elementor-element-f2335bc e-con-full e-flex e-con e-child\" data-id=\"f2335bc\" data-element_type=\"container\" data-e-type=\"container\" data-settings=\"{&quot;background_background&quot;:&quot;classic&quot;}\">\n\t\t\t\t<div class=\"elementor-element elementor-element-d06527d elementor-widget elementor-widget-heading\" data-id=\"d06527d\" data-element_type=\"widget\" data-e-type=\"widget\" data-widget_type=\"heading.default\">\n\t\t\t\t<div class=\"elementor-widget-container\">\n\t\t\t\t\t<h2 class=\"elementor-heading-title elementor-size-default\">Falconeria Deluxe:<\/h2>\t\t\t\t<\/div>\n\t\t\t\t<\/div>\n\t\t\t\t<div class=\"elementor-element elementor-element-a4a2c0e elementor-widget elementor-widget-heading\" data-id=\"a4a2c0e\" data-element_type=\"widget\" data-e-type=\"widget\" data-widget_type=\"heading.default\">\n\t\t\t\t<div class=\"elementor-widget-container\">\n\t\t\t\t\t<h2 class=\"elementor-heading-title elementor-size-default\">l\u2019esperienza definitiva con i rapaci<\/h2>\t\t\t\t<\/div>\n\t\t\t\t<\/div>\n\t\t\t\t<div class=\"elementor-element elementor-element-c1761ea elementor-widget__width-initial elementor-widget elementor-widget-text-editor\" data-id=\"c1761ea\" data-element_type=\"widget\" data-e-type=\"widget\" data-widget_type=\"text-editor.default\">\n\t\t\t\t<div class=\"elementor-widget-container\">\n\t\t\t\t\t\t\t\t\tVivi un\u2019esperienza oltre il semplice Hawk Walk con il Falconry Deluxe! Oltre a camminare accanto a un falco di Harris addestrato, assisterai in piu\u2019 alla straordinaria velocit\u00e0 di un falco in volo, che si lancer\u00e0 in picchiata verso un drone o una finta preda a velocit\u00e0 incredibili di 200 Km\/h\u2014passando talvolta a pochi centimetri da noi!\nOgni partecipante avr\u00e0 anche l\u2019opportunit\u00e0 di tenere un falco sul guanto e scattare indimenticabili foto ricordo.\n\t\t\t\t\t\t\t\t<\/div>\n\t\t\t\t<\/div>\n\t\t\t\t<div class=\"elementor-element elementor-element-0720427 elementor-widget__width-initial elementor-widget-laptop__width-initial elementor-widget elementor-widget-heading\" data-id=\"0720427\" data-element_type=\"widget\" data-e-type=\"widget\" data-widget_type=\"heading.default\">\n\t\t\t\t<div class=\"elementor-widget-container\">\n\t\t\t\t\t<h2 class=\"elementor-heading-title elementor-size-default\">L\u2019Esperienza Falconria Deluxe Include:<\/h2>\t\t\t\t<\/div>\n\t\t\t\t<\/div>\n\t\t\t\t<div class=\"elementor-element elementor-element-5ce9b4e elementor-align-start elementor-widget__width-initial elementor-icon-list--layout-traditional elementor-list-item-link-full_width elementor-widget elementor-widget-icon-list\" data-id=\"5ce9b4e\" data-element_type=\"widget\" data-e-type=\"widget\" data-widget_type=\"icon-list.default\">\n\t\t\t\t<div class=\"elementor-widget-container\">\n\t\t\t\t\t\t\t<ul class=\"elementor-icon-list-items\">\n\t\t\t\t\t\t\t<li class=\"elementor-icon-list-item\">\n\t\t\t\t\t\t\t\t\t\t\t<span class=\"elementor-icon-list-icon\">\n\t\t\t\t\t\t\t<svg aria-hidden=\"true\" class=\"e-font-icon-svg e-fas-check\" viewbox=\"0 0 512 512\" xmlns=\"http:\/\/www.w3.org\/2000\/svg\"><path d=\"M173.898 439.404l-166.4-166.4c-9.997-9.997-9.997-26.206 0-36.204l36.203-36.204c9.997-9.998 26.207-9.998 36.204 0L192 312.69 432.095 72.596c9.997-9.997 26.207-9.997 36.204 0l36.203 36.204c9.997 9.997 9.997 26.206 0 36.204l-294.4 294.401c-9.998 9.997-26.207 9.997-36.204-.001z\"><\/path><\/svg>\t\t\t\t\t\t<\/span>\n\t\t\t\t\t\t\t\t\t\t<span class=\"elementor-icon-list-text\">Introduzione al corretto approccio ai rapaci<\/span>\n\t\t\t\t\t\t\t\t\t<\/li>\n\t\t\t\t\t\t\t\t<li class=\"elementor-icon-list-item\">\n\t\t\t\t\t\t\t\t\t\t\t<span class=\"elementor-icon-list-icon\">\n\t\t\t\t\t\t\t<svg aria-hidden=\"true\" class=\"e-font-icon-svg e-fas-check\" viewbox=\"0 0 512 512\" xmlns=\"http:\/\/www.w3.org\/2000\/svg\"><path d=\"M173.898 439.404l-166.4-166.4c-9.997-9.997-9.997-26.206 0-36.204l36.203-36.204c9.997-9.998 26.207-9.998 36.204 0L192 312.69 432.095 72.596c9.997-9.997 26.207-9.997 36.204 0l36.203 36.204c9.997 9.997 9.997 26.206 0 36.204l-294.4 294.401c-9.998 9.997-26.207 9.997-36.204-.001z\"><\/path><\/svg>\t\t\t\t\t\t<\/span>\n\t\t\t\t\t\t\t\t\t\t<span class=\"elementor-icon-list-text\">Hawk Walk \u2013 passeggiata nella foresta con un falco di Harris che ti segue liberamente\n(vedi la pagina Hawk Walk per i dettagli)<\/span>\n\t\t\t\t\t\t\t\t\t<\/li>\n\t\t\t\t\t\t\t\t<li class=\"elementor-icon-list-item\">\n\t\t\t\t\t\t\t\t\t\t\t<span class=\"elementor-icon-list-icon\">\n\t\t\t\t\t\t\t<svg aria-hidden=\"true\" class=\"e-font-icon-svg e-fas-check\" viewbox=\"0 0 512 512\" xmlns=\"http:\/\/www.w3.org\/2000\/svg\"><path d=\"M173.898 439.404l-166.4-166.4c-9.997-9.997-9.997-26.206 0-36.204l36.203-36.204c9.997-9.998 26.207-9.998 36.204 0L192 312.69 432.095 72.596c9.997-9.997 26.207-9.997 36.204 0l36.203 36.204c9.997 9.997 9.997 26.206 0 36.204l-294.4 294.401c-9.998 9.997-26.207 9.997-36.204-.001z\"><\/path><\/svg>\t\t\t\t\t\t<\/span>\n\t\t\t\t\t\t\t\t\t\t<span class=\"elementor-icon-list-text\">Dimostrazione di volo del falco \u2013 osserva un falco eseguire spettacolari manovre aeree\nmentre insegue un drone<\/span>\n\t\t\t\t\t\t\t\t\t<\/li>\n\t\t\t\t\t\t\t\t<li class=\"elementor-icon-list-item\">\n\t\t\t\t\t\t\t\t\t\t\t<span class=\"elementor-icon-list-icon\">\n\t\t\t\t\t\t\t<svg aria-hidden=\"true\" class=\"e-font-icon-svg e-fas-check\" viewbox=\"0 0 512 512\" xmlns=\"http:\/\/www.w3.org\/2000\/svg\"><path d=\"M173.898 439.404l-166.4-166.4c-9.997-9.997-9.997-26.206 0-36.204l36.203-36.204c9.997-9.998 26.207-9.998 36.204 0L192 312.69 432.095 72.596c9.997-9.997 26.207-9.997 36.204 0l36.203 36.204c9.997 9.997 9.997 26.206 0 36.204l-294.4 294.401c-9.998 9.997-26.207 9.997-36.204-.001z\"><\/path><\/svg>\t\t\t\t\t\t<\/span>\n\t\t\t\t\t\t\t\t\t\t<span class=\"elementor-icon-list-text\">Foto ricordo per immortalare l\u2019esperienza<\/span>\n\t\t\t\t\t\t\t\t\t<\/li>\n\t\t\t\t\t\t<\/ul>\n\t\t\t\t\t\t<\/div>\n\t\t\t\t<\/div>\n\t\t<div class=\"elementor-element elementor-element-2fa98e5 e-con-full e-flex e-con e-child\" data-id=\"2fa98e5\" data-element_type=\"container\" data-e-type=\"container\" data-settings=\"{&quot;background_background&quot;:&quot;classic&quot;}\">\n\t\t\t\t<div class=\"elementor-element elementor-element-2dec29d elementor-widget__width-initial elementor-widget-tablet__width-initial elementor-widget elementor-widget-heading\" data-id=\"2dec29d\" data-element_type=\"widget\" data-e-type=\"widget\" data-widget_type=\"heading.default\">\n\t\t\t\t<div class=\"elementor-widget-container\">\n\t\t\t\t\t<h2 class=\"elementor-heading-title elementor-size-default\"><font color=\"#AD9061\">Durata: <\/font>1h 30min - 1h 40min | Difficolt\u00e0 del percorso: Facile<\/h2>\t\t\t\t<\/div>\n\t\t\t\t<\/div>\n\t\t\t\t<div class=\"elementor-element elementor-element-35ed05a elementor-widget__width-initial elementor-widget-tablet__width-inherit elementor-widget elementor-widget-text-editor\" data-id=\"35ed05a\" data-element_type=\"widget\" data-e-type=\"widget\" data-widget_type=\"text-editor.default\">\n\t\t\t\t<div class=\"elementor-widget-container\">\n\t\t\t\t\t\t\t\t\t<p>Nota: Per la sicurezza dei nostri rapaci, gli animali domestici non sono ammessi.<\/p>\t\t\t\t\t\t\t\t<\/div>\n\t\t\t\t<\/div>\n\t\t\t\t<div class=\"elementor-element elementor-element-45c9907 elementor-align-center elementor-widget__width-initial elementor-widget elementor-widget-button\" data-id=\"45c9907\" data-element_type=\"widget\" data-e-type=\"widget\" data-widget_type=\"button.default\">\n\t\t\t\t<div class=\"elementor-widget-container\">\n\t\t\t\t\t\t\t\t\t<div class=\"elementor-button-wrapper\">\n\t\t\t\t\t<a class=\"elementor-button elementor-button-link elementor-size-sm\" href=\"#\">\n\t\t\t\t\t\t<span class=\"elementor-button-content-wrapper\">\n\t\t\t\t\t\t\t\t\t<span class=\"elementor-button-text\">Prenota oggi stesso la tua esperienza Falconeria Deluxe!<\/span>\n\t\t\t\t\t<\/span>\n\t\t\t\t\t<\/a>\n\t\t\t\t<\/div>\n\t\t\t\t\t\t\t\t<\/div>\n\t\t\t\t<\/div>\n\t\t\t\t<div class=\"elementor-element elementor-element-3bed52c elementor-widget__width-initial elementor-widget-tablet__width-inherit elementor-widget elementor-widget-heading\" data-id=\"3bed52c\" data-element_type=\"widget\" data-e-type=\"widget\" data-widget_type=\"heading.default\">\n\t\t\t\t<div class=\"elementor-widget-container\">\n\t\t\t\t\t<h2 class=\"elementor-heading-title elementor-size-default\">PREZZO 500CHF 1-6 PERSONE ( PER GRUPPI MAGGIORI SU RICHIESTA)<\/h2>\t\t\t\t<\/div>\n\t\t\t\t<\/div>\n\t\t\t\t<\/div>\n\t\t\t\t<\/div>\n\t\t<div class=\"elementor-element elementor-element-02d25d7 e-con-full e-flex e-con e-child\" data-id=\"02d25d7\" data-element_type=\"container\" data-e-type=\"container\" data-settings=\"{&quot;background_background&quot;:&quot;classic&quot;}\">\n\t\t\t\t<div class=\"elementor-element elementor-element-e426af9 elementor-widget elementor-widget-image\" data-id=\"e426af9\" data-element_type=\"widget\" data-e-type=\"widget\" data-widget_type=\"image.default\">\n\t\t\t\t<div class=\"elementor-widget-container\">\n\t\t\t\t\t\t\t\t\t\t\t\t\t\t\t<img decoding=\"async\" width=\"480\" height=\"1200\" src=\"https:\/\/artfalconry.com\/wp-content\/uploads\/2025\/04\/art-falconry-luxury-experience-simone-cilluffo-falconry-deluxe-2-dek.png\" class=\"attachment-full size-full wp-image-2505\" alt=\"\" srcset=\"https:\/\/artfalconry.com\/wp-content\/uploads\/2025\/04\/art-falconry-luxury-experience-simone-cilluffo-falconry-deluxe-2-dek.png.avif 480w, https:\/\/artfalconry.com\/wp-content\/uploads\/2025\/04\/art-falconry-luxury-experience-simone-cilluffo-falconry-deluxe-2-dek-120x300.png.avif 120w, https:\/\/artfalconry.com\/wp-content\/uploads\/2025\/04\/art-falconry-luxury-experience-simone-cilluffo-falconry-deluxe-2-dek-410x1024.png.avif 410w, https:\/\/artfalconry.com\/wp-content\/uploads\/2025\/04\/art-falconry-luxury-experience-simone-cilluffo-falconry-deluxe-2-dek-5x12.png.avif 5w\" sizes=\"(max-width: 480px) 100vw, 480px\" \/>\t\t\t\t\t\t\t\t\t\t\t\t\t\t\t<\/div>\n\t\t\t\t<\/div>\n\t\t\t\t<div class=\"elementor-element elementor-element-2fde042 elementor-hidden-desktop elementor-hidden-laptop elementor-hidden-mobile elementor-widget elementor-widget-image\" data-id=\"2fde042\" data-element_type=\"widget\" data-e-type=\"widget\" data-widget_type=\"image.default\">\n\t\t\t\t<div class=\"elementor-widget-container\">\n\t\t\t\t\t\t\t\t\t\t\t\t\t\t\t<img loading=\"lazy\" decoding=\"async\" width=\"480\" height=\"1200\" src=\"https:\/\/artfalconry.com\/wp-content\/uploads\/2025\/04\/art-falconry-luxury-experience-simone-cilluffo-falconry-deluxe-2-tab.png\" class=\"attachment-full size-full wp-image-2506\" alt=\"\" srcset=\"https:\/\/artfalconry.com\/wp-content\/uploads\/2025\/04\/art-falconry-luxury-experience-simone-cilluffo-falconry-deluxe-2-tab.png.avif 480w, https:\/\/artfalconry.com\/wp-content\/uploads\/2025\/04\/art-falconry-luxury-experience-simone-cilluffo-falconry-deluxe-2-tab-120x300.png.avif 120w, https:\/\/artfalconry.com\/wp-content\/uploads\/2025\/04\/art-falconry-luxury-experience-simone-cilluffo-falconry-deluxe-2-tab-410x1024.png.avif 410w, https:\/\/artfalconry.com\/wp-content\/uploads\/2025\/04\/art-falconry-luxury-experience-simone-cilluffo-falconry-deluxe-2-tab-5x12.png.avif 5w\" sizes=\"(max-width: 480px) 100vw, 480px\" \/>\t\t\t\t\t\t\t\t\t\t\t\t\t\t\t<\/div>\n\t\t\t\t<\/div>\n\t\t\t\t<\/div>\n\t\t\t\t<\/div>\n\t\t\t\t<\/div>","protected":false},"excerpt":{"rendered":"<p>FALCONRY DELUXE: the ultimate raptor experience Go beyond the Hawk Walk with this thrilling Falconry Deluxe experience! In addition to walking alongside a trained Harris hawk, you\u2019ll witness in addition the breathtaking speed of a falcon in flight, diving toward a drone or a dummy at incredible speeds of 200 km\/h\u2014sometimes just centimeters away from [&hellip;]<\/p>","protected":false},"author":2,"featured_media":0,"parent":0,"menu_order":0,"comment_status":"closed","ping_status":"closed","template":"","meta":{"footnotes":""},"class_list":["post-1903","page","type-page","status-publish","hentry"],"_links":{"self":[{"href":"https:\/\/artfalconry.com\/it\/wp-json\/wp\/v2\/pages\/1903","targetHints":{"allow":["GET"]}}],"collection":[{"href":"https:\/\/artfalconry.com\/it\/wp-json\/wp\/v2\/pages"}],"about":[{"href":"https:\/\/artfalconry.com\/it\/wp-json\/wp\/v2\/types\/page"}],"author":[{"embeddable":true,"href":"https:\/\/artfalconry.com\/it\/wp-json\/wp\/v2\/users\/2"}],"replies":[{"embeddable":true,"href":"https:\/\/artfalconry.com\/it\/wp-json\/wp\/v2\/comments?post=1903"}],"version-history":[{"count":0,"href":"https:\/\/artfalconry.com\/it\/wp-json\/wp\/v2\/pages\/1903\/revisions"}],"wp:attachment":[{"href":"https:\/\/artfalconry.com\/it\/wp-json\/wp\/v2\/media?parent=1903"}],"curies":[{"name":"wp","href":"https:\/\/api.w.org\/{rel}","templated":true}]}}