{"id":59,"date":"2025-02-11T15:04:08","date_gmt":"2025-02-11T14:04:08","guid":{"rendered":"https:\/\/newsite.artfalconry.com\/?page_id=59"},"modified":"2025-04-14T15:01:45","modified_gmt":"2025-04-14T13:01:45","slug":"about","status":"publish","type":"page","link":"https:\/\/artfalconry.com\/it\/about\/","title":{"rendered":"About"},"content":{"rendered":"<div data-elementor-type=\"wp-page\" data-elementor-id=\"59\" class=\"elementor elementor-59\" data-elementor-post-type=\"page\">\n\t\t\t\t<div class=\"elementor-element elementor-element-535f4e2 e-con-full e-flex e-con e-parent\" data-id=\"535f4e2\" data-element_type=\"container\" data-e-type=\"container\" data-settings=\"{&quot;background_background&quot;:&quot;video&quot;,&quot;background_video_link&quot;:&quot;https:\\\/\\\/youtu.be\\\/Edq3SFUfV9E&quot;,&quot;background_play_on_mobile&quot;:&quot;yes&quot;,&quot;background_privacy_mode&quot;:&quot;yes&quot;}\">\n\t\t<div class=\"elementor-background-video-container\">\n\t\t\t\t\t\t\t<div class=\"elementor-background-video-embed\" role=\"presentation\"><\/div>\n\t\t\t\t\t\t<\/div>\t\t<\/div>\n\t\t<div class=\"elementor-element elementor-element-a22f0f2 e-flex e-con-boxed e-con e-parent\" data-id=\"a22f0f2\" data-element_type=\"container\" data-e-type=\"container\">\n\t\t\t\t\t<div class=\"e-con-inner\">\n\t\t<div class=\"elementor-element elementor-element-fd02cc7 e-con-full e-flex e-con e-child\" data-id=\"fd02cc7\" data-element_type=\"container\" data-e-type=\"container\">\n\t\t\t\t<div class=\"elementor-element elementor-element-6b1cd82 elementor-widget__width-initial elementor-widget elementor-widget-heading\" data-id=\"6b1cd82\" data-element_type=\"widget\" data-e-type=\"widget\" data-widget_type=\"heading.default\">\n\t\t\t\t<div class=\"elementor-widget-container\">\n\t\t\t\t\t<h2 class=\"elementor-heading-title elementor-size-default\">Ciao.<\/h2>\t\t\t\t<\/div>\n\t\t\t\t<\/div>\n\t\t\t\t<div class=\"elementor-element elementor-element-9bd37c8 elementor-widget__width-initial elementor-widget elementor-widget-heading\" data-id=\"9bd37c8\" data-element_type=\"widget\" data-e-type=\"widget\" data-widget_type=\"heading.default\">\n\t\t\t\t<div class=\"elementor-widget-container\">\n\t\t\t\t\t<h2 class=\"elementor-heading-title elementor-size-default\">Sono Simone Cilluffo, un italiano con base a Basilea, in Svizzera. Ho avuto la fortuna di\ntrasformare la mia passione nel mio lavoro.<\/h2>\t\t\t\t<\/div>\n\t\t\t\t<\/div>\n\t\t\t\t<div class=\"elementor-element elementor-element-615128c elementor-widget__width-initial elementor-widget elementor-widget-text-editor\" data-id=\"615128c\" data-element_type=\"widget\" data-e-type=\"widget\" data-widget_type=\"text-editor.default\">\n\t\t\t\t<div class=\"elementor-widget-container\">\n\t\t\t\t\t\t\t\t\t<p>La mia storia inizia all\u2019eta di 18 anni da , spingendomi a lasciare tutto alle spalle per vivere\nda nomade.<\/p><p>Ho vissuto in Nuova Zelanda e in Australia, per poi viaggiare a lungo in Asia e in\nmolti paesi europei, sempre con la voglia di conoscere nuove culture.<\/p>\t\t\t\t\t\t\t\t<\/div>\n\t\t\t\t<\/div>\n\t\t\t\t<div class=\"elementor-element elementor-element-46f6c55 elementor-widget__width-initial elementor-widget elementor-widget-text-editor\" data-id=\"46f6c55\" data-element_type=\"widget\" data-e-type=\"widget\" data-widget_type=\"text-editor.default\">\n\t\t\t\t<div class=\"elementor-widget-container\">\n\t\t\t\t\t\t\t\t\t<p>Durante un volo in parapendio in India, ho vissuto un\u2019esperienza indimenticabile:\ncondividere il cielo con un rapace. Quell\u2019istante ha cambiato tutto. Mi ha portato a scoprire la\nfalconeria e, dopo 15 anni di viaggio, ho deciso di stabilirmi in Svizzera, dove ho fondato una\ncompagnia di falconeria.<\/p>\t\t\t\t\t\t\t\t<\/div>\n\t\t\t\t<\/div>\n\t\t\t\t<div class=\"elementor-element elementor-element-6a32415 elementor-widget__width-initial elementor-widget elementor-widget-text-editor\" data-id=\"6a32415\" data-element_type=\"widget\" data-e-type=\"widget\" data-widget_type=\"text-editor.default\">\n\t\t\t\t<div class=\"elementor-widget-container\">\n\t\t\t\t\t\t\t\t\t<p>Da allora, ho dedicato piu\u2019 di dieci anni a perfezionare quest\u2019arte,\nlavorando con rapaci di ogni tipo, dai piccoli falchi alle maestose aquile.<\/p>\t\t\t\t\t\t\t\t<\/div>\n\t\t\t\t<\/div>\n\t\t\t\t<div class=\"elementor-element elementor-element-f27d3d4 elementor-widget__width-initial elementor-widget elementor-widget-text-editor\" data-id=\"f27d3d4\" data-element_type=\"widget\" data-e-type=\"widget\" data-widget_type=\"text-editor.default\">\n\t\t\t\t<div class=\"elementor-widget-container\">\n\t\t\t\t\t\t\t\t\t<p>Ho scoperto la fotografia per caso, quando ho catturato accidentalmente uno scatto riflesso\nincredibile. Da l\u00ec \u00e8 nata una passione che mi ha portato alla cinematografia, che oggi \u00e8\ndiventata la mia seconda professione. Ora utilizzo il video per raccontare storie di vita,\nrealizzare video commerciali e creare contenuti visivamente straordinari, fondendo la\ntecnologia moderna con l'antica arte della falconeria.<\/p>\t\t\t\t\t\t\t\t<\/div>\n\t\t\t\t<\/div>\n\t\t\t\t<div class=\"elementor-element elementor-element-6a8d12b elementor-widget__width-initial elementor-widget elementor-widget-text-editor\" data-id=\"6a8d12b\" data-element_type=\"widget\" data-e-type=\"widget\" data-widget_type=\"text-editor.default\">\n\t\t\t\t<div class=\"elementor-widget-container\">\n\t\t\t\t\t\t\t\t\t<p>Non essendo un grande fan dei droni,\nho sviluppato un metodo innovativo per realizzare riprese aeree, installando una videocamera\nsul dorso dei miei rapaci. Questa tecnica ha generato video virali sui social media, offrendo\nuna prospettiva unica nel suo genere.<\/p>\t\t\t\t\t\t\t\t<\/div>\n\t\t\t\t<\/div>\n\t\t\t\t<\/div>\n\t\t\t\t\t<\/div>\n\t\t\t\t<\/div>\n\t\t<div class=\"elementor-element elementor-element-34a5005 e-con-full e-flex e-con e-parent\" data-id=\"34a5005\" data-element_type=\"container\" data-e-type=\"container\" data-settings=\"{&quot;background_background&quot;:&quot;classic&quot;}\">\n\t\t<div class=\"elementor-element elementor-element-aed44b4 e-con-full e-flex e-con e-child\" data-id=\"aed44b4\" data-element_type=\"container\" data-e-type=\"container\" data-settings=\"{&quot;background_background&quot;:&quot;classic&quot;}\">\n\t\t\t\t<\/div>\n\t\t<div class=\"elementor-element elementor-element-0230473 e-con-full e-flex e-con e-child\" data-id=\"0230473\" data-element_type=\"container\" data-e-type=\"container\" data-settings=\"{&quot;background_background&quot;:&quot;classic&quot;}\">\n\t\t\t\t<\/div>\n\t\t<div class=\"elementor-element elementor-element-659e4d9 e-con-full e-flex e-con e-child\" data-id=\"659e4d9\" data-element_type=\"container\" data-e-type=\"container\" data-settings=\"{&quot;background_background&quot;:&quot;classic&quot;}\">\n\t\t\t\t<\/div>\n\t\t\t\t<\/div>\n\t\t\t\t<\/div>","protected":false},"excerpt":{"rendered":"<p>Hello. I\u2019m Simone Cilluffo, an Italian based in Basel, Switzerland. I\u2019m lucky to have turned my passion into my profession. My story began at a young age, leading me to leave everything behind at 18 and live as a nomad. I first settled in New Zealand and Australia, later traveling extensively across Asia and many [&hellip;]<\/p>","protected":false},"author":2,"featured_media":0,"parent":0,"menu_order":0,"comment_status":"closed","ping_status":"closed","template":"","meta":{"footnotes":""},"class_list":["post-59","page","type-page","status-publish","hentry"],"_links":{"self":[{"href":"https:\/\/artfalconry.com\/it\/wp-json\/wp\/v2\/pages\/59","targetHints":{"allow":["GET"]}}],"collection":[{"href":"https:\/\/artfalconry.com\/it\/wp-json\/wp\/v2\/pages"}],"about":[{"href":"https:\/\/artfalconry.com\/it\/wp-json\/wp\/v2\/types\/page"}],"author":[{"embeddable":true,"href":"https:\/\/artfalconry.com\/it\/wp-json\/wp\/v2\/users\/2"}],"replies":[{"embeddable":true,"href":"https:\/\/artfalconry.com\/it\/wp-json\/wp\/v2\/comments?post=59"}],"version-history":[{"count":0,"href":"https:\/\/artfalconry.com\/it\/wp-json\/wp\/v2\/pages\/59\/revisions"}],"wp:attachment":[{"href":"https:\/\/artfalconry.com\/it\/wp-json\/wp\/v2\/media?parent=59"}],"curies":[{"name":"wp","href":"https:\/\/api.w.org\/{rel}","templated":true}]}}